{"id":1874,"date":"2024-12-09T11:39:21","date_gmt":"2024-12-09T11:39:21","guid":{"rendered":"https:\/\/entrecomillastories.com\/?page_id=1874"},"modified":"2025-01-22T11:51:50","modified_gmt":"2025-01-22T11:51:50","slug":"historias","status":"publish","type":"page","link":"https:\/\/entrecomillastories.com\/en\/historias\/","title":{"rendered":"Historias"},"content":{"rendered":"<div data-elementor-type=\"wp-page\" data-elementor-id=\"1874\" class=\"elementor elementor-1874\">\n\t\t\t\t<div class=\"elementor-element elementor-element-2e61344 e-flex e-con-boxed e-con e-parent\" data-id=\"2e61344\" data-element_type=\"container\">\n\t\t\t\t\t<div class=\"e-con-inner\">\n\t\t\t\t<div class=\"elementor-element elementor-element-22fc0ba elementor-widget elementor-widget-ld_blog\" data-id=\"22fc0ba\" data-element_type=\"widget\" data-widget_type=\"ld_blog.default\">\n\t\t\t\t<div class=\"elementor-widget-container\">\n\t\t\t\t\t<div class=\"lqd-lp-grid 22fc0ba blog-id-36683962\"><div class=\"lqd-lp-row row pos-rel d-flex flex-wrap\" ><div class=\"lqd-lp-column d-flex flex-column col-md-4 col-sm-6 historias\"><article id=\"post-529\" class=\"lqd-lp pos-rel lqd-lp-style-6 lqd-lp-hover-img-zoom lqd-lp-animate-onhover border-radius-4 overflow-hidden text-start post-529 post type-post status-publish format-standard has-post-thumbnail hentry category-historias\">\n<div class=\"lqd-lp-img overflow-hidden\">\n\n\t<figure><img fetchpriority=\"high\" decoding=\"async\" width=\"720\" height=\"510\" src=\"https:\/\/entrecomillastories.com\/wp-content\/uploads\/2024\/04\/1-El-Origen-720x510.jpg\" class=\"w-100 wp-post-image\" alt=\"\" srcset=\"https:\/\/entrecomillastories.com\/wp-content\/uploads\/2024\/04\/1-El-Origen-720x510.jpg 720w, https:\/\/entrecomillastories.com\/wp-content\/uploads\/2024\/04\/1-El-Origen-18x12.jpg 18w\" sizes=\"(max-width: 720px) 100vw, 720px\" itemprop=\"image\" \/><\/figure>\n\t<div class=\"lqd-lp-meta text-uppercase font-weight-bold pos-rel z-index-3\">\n\t\t\t<\/div>\n\n<\/div>\n\n<header class=\"lqd-lp-header p-5\">\n\n\t<div class=\"lqd-lp-meta lqd-lp-meta-dot-between d-flex flex-wrap align-items-center text-uppercase ltr-sp-1 font-weight-bold\">\n\n\t\t<div class=\"lqd-lp-author pos-rel z-index-3\">\n\t\t\t<div class=\"lqd-lp-author-info\">\n\t\t\t\t<h3 class=\"mt-0 mb-0 h5\"><a href=\"https:\/\/entrecomillastories.com\/en\/author\/infoestudio-ka-es\/\">info@estudio-ka.es<\/a><\/h3>\n\t\t\t<\/div>\n\t\t<\/div>\n\n\t\t<time class=\"lqd-lp-date\" datetime=\"2024-04-15T07:34:28+00:00\">2 years ago<\/time>\n\t<\/div>\n\n\t<h2 class=\"entry-title lqd-lp-title mt-3 mb-0 h6\"><a  href=\"https:\/\/entrecomillastories.com\/en\/origen-a-cinematic-wedding-in-mas-torroella\/\" rel=\"bookmark\">El Origen: A Cinematic Wedding in Mas Torroella<\/a><\/h2>\n<\/header>\n\n<a  href=\"https:\/\/entrecomillastories.com\/en\/origen-a-cinematic-wedding-in-mas-torroella\/\" class=\"lqd-lp-overlay-link lqd-overlay lqd-cc-label-trigger z-index-2\" tab-index=\"-1\"><\/a><\/article><\/div><div class=\"lqd-lp-column d-flex flex-column col-md-4 col-sm-6 historias\"><article id=\"post-1982\" class=\"lqd-lp pos-rel lqd-lp-style-6 lqd-lp-hover-img-zoom lqd-lp-animate-onhover border-radius-4 overflow-hidden text-start post-1982 post type-post status-publish format-standard has-post-thumbnail hentry category-historias\">\n<div class=\"lqd-lp-img overflow-hidden\">\n\n\t<figure><img decoding=\"async\" width=\"720\" height=\"510\" src=\"data:image\/svg+xml;charset=utf-8,%3Csvg xmlns%3D&#039;http%3A%2F%2Fwww.w3.org%2F2000%2Fsvg&#039; viewBox%3D&#039;0 0 720 510&#039;%2F%3E\" class=\"w-100 ld-lazyload wp-post-image\" alt=\"\" itemprop=\"image\" data-src=\"https:\/\/entrecomillastories.com\/wp-content\/uploads\/2024\/12\/Hockey_21-720x510.jpg\" data-aspect=\"1.4117647058824\" \/><\/figure>\n\t<div class=\"lqd-lp-meta text-uppercase font-weight-bold pos-rel z-index-3\">\n\t\t\t<\/div>\n\n<\/div>\n\n<header class=\"lqd-lp-header p-5\">\n\n\t<div class=\"lqd-lp-meta lqd-lp-meta-dot-between d-flex flex-wrap align-items-center text-uppercase ltr-sp-1 font-weight-bold\">\n\n\t\t<div class=\"lqd-lp-author pos-rel z-index-3\">\n\t\t\t<div class=\"lqd-lp-author-info\">\n\t\t\t\t<h3 class=\"mt-0 mb-0 h5\"><a href=\"https:\/\/entrecomillastories.com\/en\/author\/infoestudio-ka-es\/\">info@estudio-ka.es<\/a><\/h3>\n\t\t\t<\/div>\n\t\t<\/div>\n\n\t\t<time class=\"lqd-lp-date\" datetime=\"2024-04-16T12:39:55+00:00\">2 years ago<\/time>\n\t<\/div>\n\n\t<h2 class=\"entry-title lqd-lp-title mt-3 mb-0 h6\"><a  href=\"https:\/\/entrecomillastories.com\/en\/hockey-wedding-in-masia-rosas\/\" rel=\"bookmark\">Hockey: Wedding in Masia Ros\u00e0s<\/a><\/h2>\n<\/header>\n\n<a  href=\"https:\/\/entrecomillastories.com\/en\/hockey-wedding-in-masia-rosas\/\" class=\"lqd-lp-overlay-link lqd-overlay lqd-cc-label-trigger z-index-2\" tab-index=\"-1\"><\/a><\/article><\/div><div class=\"lqd-lp-column d-flex flex-column col-md-4 col-sm-6 historias\"><article id=\"post-2078\" class=\"lqd-lp pos-rel lqd-lp-style-6 lqd-lp-hover-img-zoom lqd-lp-animate-onhover border-radius-4 overflow-hidden text-start post-2078 post type-post status-publish format-standard has-post-thumbnail hentry category-historias\">\n<div class=\"lqd-lp-img overflow-hidden\">\n\n\t<figure><img decoding=\"async\" width=\"720\" height=\"510\" src=\"data:image\/svg+xml;charset=utf-8,%3Csvg xmlns%3D&#039;http%3A%2F%2Fwww.w3.org%2F2000%2Fsvg&#039; viewBox%3D&#039;0 0 720 510&#039;%2F%3E\" class=\"w-100 ld-lazyload wp-post-image\" alt=\"\" itemprop=\"image\" data-src=\"https:\/\/entrecomillastories.com\/wp-content\/uploads\/2024\/04\/3-Mas-Marroch-720x510.jpg\" data-srcset=\"https:\/\/entrecomillastories.com\/wp-content\/uploads\/2024\/04\/3-Mas-Marroch-720x510.jpg 720w, https:\/\/entrecomillastories.com\/wp-content\/uploads\/2024\/04\/3-Mas-Marroch-18x12.jpg 18w\" data-sizes=\"(max-width: 720px) 100vw, 720px\" data-aspect=\"1.4117647058824\" \/><\/figure>\n\t<div class=\"lqd-lp-meta text-uppercase font-weight-bold pos-rel z-index-3\">\n\t\t\t<\/div>\n\n<\/div>\n\n<header class=\"lqd-lp-header p-5\">\n\n\t<div class=\"lqd-lp-meta lqd-lp-meta-dot-between d-flex flex-wrap align-items-center text-uppercase ltr-sp-1 font-weight-bold\">\n\n\t\t<div class=\"lqd-lp-author pos-rel z-index-3\">\n\t\t\t<div class=\"lqd-lp-author-info\">\n\t\t\t\t<h3 class=\"mt-0 mb-0 h5\"><a href=\"https:\/\/entrecomillastories.com\/en\/author\/infoestudio-ka-es\/\">info@estudio-ka.es<\/a><\/h3>\n\t\t\t<\/div>\n\t\t<\/div>\n\n\t\t<time class=\"lqd-lp-date\" datetime=\"2024-04-17T10:19:05+00:00\">2 years ago<\/time>\n\t<\/div>\n\n\t<h2 class=\"entry-title lqd-lp-title mt-3 mb-0 h6\"><a  href=\"https:\/\/entrecomillastories.com\/en\/wedding-in-mas-marroch\/\" rel=\"bookmark\">Wedding in Mas Marroch<\/a><\/h2>\n<\/header>\n\n<a  href=\"https:\/\/entrecomillastories.com\/en\/wedding-in-mas-marroch\/\" class=\"lqd-lp-overlay-link lqd-overlay lqd-cc-label-trigger z-index-2\" tab-index=\"-1\"><\/a><\/article><\/div><div class=\"lqd-lp-column d-flex flex-column col-md-4 col-sm-6 historias\"><article id=\"post-2118\" class=\"lqd-lp pos-rel lqd-lp-style-6 lqd-lp-hover-img-zoom lqd-lp-animate-onhover border-radius-4 overflow-hidden text-start post-2118 post type-post status-publish format-standard has-post-thumbnail hentry category-historias\">\n<div class=\"lqd-lp-img overflow-hidden\">\n\n\t<figure><img loading=\"lazy\" decoding=\"async\" width=\"720\" height=\"510\" src=\"data:image\/svg+xml;charset=utf-8,%3Csvg xmlns%3D&#039;http%3A%2F%2Fwww.w3.org%2F2000%2Fsvg&#039; viewBox%3D&#039;0 0 720 510&#039;%2F%3E\" class=\"w-100 ld-lazyload wp-post-image\" alt=\"\" itemprop=\"image\" data-src=\"https:\/\/entrecomillastories.com\/wp-content\/uploads\/2024\/04\/4-Calella-720x510.jpg\" data-srcset=\"https:\/\/entrecomillastories.com\/wp-content\/uploads\/2024\/04\/4-Calella-720x510.jpg 720w, https:\/\/entrecomillastories.com\/wp-content\/uploads\/2024\/04\/4-Calella-18x12.jpg 18w\" data-sizes=\"(max-width: 720px) 100vw, 720px\" data-aspect=\"1.4117647058824\" \/><\/figure>\n\t<div class=\"lqd-lp-meta text-uppercase font-weight-bold pos-rel z-index-3\">\n\t\t\t<\/div>\n\n<\/div>\n\n<header class=\"lqd-lp-header p-5\">\n\n\t<div class=\"lqd-lp-meta lqd-lp-meta-dot-between d-flex flex-wrap align-items-center text-uppercase ltr-sp-1 font-weight-bold\">\n\n\t\t<div class=\"lqd-lp-author pos-rel z-index-3\">\n\t\t\t<div class=\"lqd-lp-author-info\">\n\t\t\t\t<h3 class=\"mt-0 mb-0 h5\"><a href=\"https:\/\/entrecomillastories.com\/en\/author\/infoestudio-ka-es\/\">info@estudio-ka.es<\/a><\/h3>\n\t\t\t<\/div>\n\t\t<\/div>\n\n\t\t<time class=\"lqd-lp-date\" datetime=\"2024-04-18T11:04:18+00:00\">2 years ago<\/time>\n\t<\/div>\n\n\t<h2 class=\"entry-title lqd-lp-title mt-3 mb-0 h6\"><a  href=\"https:\/\/entrecomillastories.com\/en\/calella-wedding-in-castell-de-caramany\/\" rel=\"bookmark\">Calella: Wedding in Castell de Caramany<\/a><\/h2>\n<\/header>\n\n<a  href=\"https:\/\/entrecomillastories.com\/en\/calella-wedding-in-castell-de-caramany\/\" class=\"lqd-lp-overlay-link lqd-overlay lqd-cc-label-trigger z-index-2\" tab-index=\"-1\"><\/a><\/article><\/div><div class=\"lqd-lp-column d-flex flex-column col-md-4 col-sm-6 historias\"><article id=\"post-2134\" class=\"lqd-lp pos-rel lqd-lp-style-6 lqd-lp-hover-img-zoom lqd-lp-animate-onhover border-radius-4 overflow-hidden text-start post-2134 post type-post status-publish format-standard has-post-thumbnail hentry category-historias\">\n<div class=\"lqd-lp-img overflow-hidden\">\n\n\t<figure><img loading=\"lazy\" decoding=\"async\" width=\"720\" height=\"510\" src=\"data:image\/svg+xml;charset=utf-8,%3Csvg xmlns%3D&#039;http%3A%2F%2Fwww.w3.org%2F2000%2Fsvg&#039; viewBox%3D&#039;0 0 720 510&#039;%2F%3E\" class=\"w-100 ld-lazyload wp-post-image\" alt=\"\" itemprop=\"image\" data-src=\"https:\/\/entrecomillastories.com\/wp-content\/uploads\/2024\/04\/5-Verdes-Olea-720x510.jpg\" data-srcset=\"https:\/\/entrecomillastories.com\/wp-content\/uploads\/2024\/04\/5-Verdes-Olea-720x510.jpg 720w, https:\/\/entrecomillastories.com\/wp-content\/uploads\/2024\/04\/5-Verdes-Olea-18x12.jpg 18w\" data-sizes=\"(max-width: 720px) 100vw, 720px\" data-aspect=\"1.4117647058824\" \/><\/figure>\n\t<div class=\"lqd-lp-meta text-uppercase font-weight-bold pos-rel z-index-3\">\n\t\t\t<\/div>\n\n<\/div>\n\n<header class=\"lqd-lp-header p-5\">\n\n\t<div class=\"lqd-lp-meta lqd-lp-meta-dot-between d-flex flex-wrap align-items-center text-uppercase ltr-sp-1 font-weight-bold\">\n\n\t\t<div class=\"lqd-lp-author pos-rel z-index-3\">\n\t\t\t<div class=\"lqd-lp-author-info\">\n\t\t\t\t<h3 class=\"mt-0 mb-0 h5\"><a href=\"https:\/\/entrecomillastories.com\/en\/author\/infoestudio-ka-es\/\">info@estudio-ka.es<\/a><\/h3>\n\t\t\t<\/div>\n\t\t<\/div>\n\n\t\t<time class=\"lqd-lp-date\" datetime=\"2024-04-19T11:12:30+00:00\">2 years ago<\/time>\n\t<\/div>\n\n\t<h2 class=\"entry-title lqd-lp-title mt-3 mb-0 h6\"><a  href=\"https:\/\/entrecomillastories.com\/en\/verde-olea-wedding-in-celler-joan-sarda\/\" rel=\"bookmark\">Verde Olea: Wedding in Celler Joan Sarda<\/a><\/h2>\n<\/header>\n\n<a  href=\"https:\/\/entrecomillastories.com\/en\/verde-olea-wedding-in-celler-joan-sarda\/\" class=\"lqd-lp-overlay-link lqd-overlay lqd-cc-label-trigger z-index-2\" tab-index=\"-1\"><\/a><\/article><\/div><\/div><!--\/ .row --><\/div><!--\/ .lqd-lp-grid -->\t\t\t\t<\/div>\n\t\t\t\t<\/div>\n\t\t\t\t\t<\/div>\n\t\t\t\t<\/div>\n\t\t\t\t<\/div>","protected":false},"excerpt":{"rendered":"<p>info@estudio-ka.es 9 meses ago Origen: A Cinematic Wedding in Mas Torroella info@estudio-ka.es 1 mes ago Hockey: Wedding in Masia Ros\u00e0s info@estudio-ka.es 1 mes ago Wedding in Mas Marroch info@estudio-ka.es 1 mes ago Calella: Wedding in Castell de Caramany info@estudio-ka.es 1 mes ago Verde Olea: Wedding in Celler Joan Sard\u00e0<\/p>","protected":false},"author":1,"featured_media":0,"parent":0,"menu_order":0,"comment_status":"closed","ping_status":"closed","template":"","meta":{"footnotes":""},"class_list":["post-1874","page","type-page","status-publish","hentry"],"yoast_head":"<!-- This site is optimized with the Yoast SEO plugin v26.2 - https:\/\/yoast.com\/wordpress\/plugins\/seo\/ -->\n<title>Historias - Entre Comillas<\/title>\n<meta name=\"description\" content=\"Las historias de amor m\u00e1s bonitas en esta recopilaci\u00f3n de fotograf\u00edas de boda en las que he podido retratar a estas maravillosas parejas.\" \/>\n<meta name=\"robots\" content=\"index, follow, max-snippet:-1, max-image-preview:large, max-video-preview:-1\" \/>\n<link rel=\"canonical\" href=\"https:\/\/entrecomillastories.com\/en\/historias\/\" \/>\n<meta property=\"og:locale\" content=\"en_GB\" \/>\n<meta property=\"og:type\" content=\"article\" \/>\n<meta property=\"og:title\" content=\"Historias - Entre Comillas\" \/>\n<meta property=\"og:description\" content=\"Las historias de amor m\u00e1s bonitas en esta recopilaci\u00f3n de fotograf\u00edas de boda en las que he podido retratar a estas maravillosas parejas.\" \/>\n<meta property=\"og:url\" content=\"https:\/\/entrecomillastories.com\/en\/historias\/\" \/>\n<meta property=\"og:site_name\" content=\"Entre Comillas\" \/>\n<meta property=\"article:modified_time\" content=\"2025-01-22T11:51:50+00:00\" \/>\n<meta property=\"og:image\" content=\"https:\/\/entrecomillastories.com\/wp-content\/uploads\/2024\/04\/El-origen_21-720x510.jpg\" \/>\n<meta name=\"twitter:card\" content=\"summary_large_image\" \/>\n<meta name=\"twitter:label1\" content=\"Estimated reading time\" \/>\n\t<meta name=\"twitter:data1\" content=\"2 minutes\" \/>\n<script type=\"application\/ld+json\" class=\"yoast-schema-graph\">{\"@context\":\"https:\/\/schema.org\",\"@graph\":[{\"@type\":\"WebPage\",\"@id\":\"https:\/\/entrecomillastories.com\/historias\/\",\"url\":\"https:\/\/entrecomillastories.com\/historias\/\",\"name\":\"Historias - Entre Comillas\",\"isPartOf\":{\"@id\":\"https:\/\/entrecomillastories.com\/#website\"},\"primaryImageOfPage\":{\"@id\":\"https:\/\/entrecomillastories.com\/historias\/#primaryimage\"},\"image\":{\"@id\":\"https:\/\/entrecomillastories.com\/historias\/#primaryimage\"},\"thumbnailUrl\":\"https:\/\/entrecomillastories.com\/wp-content\/uploads\/2024\/04\/El-origen_21-720x510.jpg\",\"datePublished\":\"2024-12-09T11:39:21+00:00\",\"dateModified\":\"2025-01-22T11:51:50+00:00\",\"description\":\"Las historias de amor m\u00e1s bonitas en esta recopilaci\u00f3n de fotograf\u00edas de boda en las que he podido retratar a estas maravillosas parejas.\",\"breadcrumb\":{\"@id\":\"https:\/\/entrecomillastories.com\/historias\/#breadcrumb\"},\"inLanguage\":\"en-GB\",\"potentialAction\":[{\"@type\":\"ReadAction\",\"target\":[\"https:\/\/entrecomillastories.com\/historias\/\"]}]},{\"@type\":\"ImageObject\",\"inLanguage\":\"en-GB\",\"@id\":\"https:\/\/entrecomillastories.com\/historias\/#primaryimage\",\"url\":\"https:\/\/entrecomillastories.com\/wp-content\/uploads\/2024\/04\/El-origen_21-720x510.jpg\",\"contentUrl\":\"https:\/\/entrecomillastories.com\/wp-content\/uploads\/2024\/04\/El-origen_21-720x510.jpg\"},{\"@type\":\"BreadcrumbList\",\"@id\":\"https:\/\/entrecomillastories.com\/historias\/#breadcrumb\",\"itemListElement\":[{\"@type\":\"ListItem\",\"position\":1,\"name\":\"Portada\",\"item\":\"https:\/\/entrecomillastories.com\/\"},{\"@type\":\"ListItem\",\"position\":2,\"name\":\"Historias\"}]},{\"@type\":\"WebSite\",\"@id\":\"https:\/\/entrecomillastories.com\/#website\",\"url\":\"https:\/\/entrecomillastories.com\/\",\"name\":\"Entre Comillas\",\"description\":\"Fot\u00f3grafa de bodas\",\"publisher\":{\"@id\":\"https:\/\/entrecomillastories.com\/#\/schema\/person\/0c376f8de34c01e4d86c20ef571dc15d\"},\"potentialAction\":[{\"@type\":\"SearchAction\",\"target\":{\"@type\":\"EntryPoint\",\"urlTemplate\":\"https:\/\/entrecomillastories.com\/?s={search_term_string}\"},\"query-input\":{\"@type\":\"PropertyValueSpecification\",\"valueRequired\":true,\"valueName\":\"search_term_string\"}}],\"inLanguage\":\"en-GB\"},{\"@type\":[\"Person\",\"Organization\"],\"@id\":\"https:\/\/entrecomillastories.com\/#\/schema\/person\/0c376f8de34c01e4d86c20ef571dc15d\",\"name\":\"Alejandra Comellas\",\"image\":{\"@type\":\"ImageObject\",\"inLanguage\":\"en-GB\",\"@id\":\"https:\/\/entrecomillastories.com\/#\/schema\/person\/image\/\",\"url\":\"https:\/\/entrecomillastories.com\/wp-content\/uploads\/2024\/04\/EC_Logo_Black.png\",\"contentUrl\":\"https:\/\/entrecomillastories.com\/wp-content\/uploads\/2024\/04\/EC_Logo_Black.png\",\"width\":3062,\"height\":1825,\"caption\":\"Alejandra Comellas\"},\"logo\":{\"@id\":\"https:\/\/entrecomillastories.com\/#\/schema\/person\/image\/\"},\"sameAs\":[\"https:\/\/www.instagram.com\/entrecomillas.jpg\"]}]}<\/script>\n<!-- \/ Yoast SEO plugin. -->","yoast_head_json":{"title":"Historias - Entre Comillas","description":"Las historias de amor m\u00e1s bonitas en esta recopilaci\u00f3n de fotograf\u00edas de boda en las que he podido retratar a estas maravillosas parejas.","robots":{"index":"index","follow":"follow","max-snippet":"max-snippet:-1","max-image-preview":"max-image-preview:large","max-video-preview":"max-video-preview:-1"},"canonical":"https:\/\/entrecomillastories.com\/en\/historias\/","og_locale":"en_GB","og_type":"article","og_title":"Historias - Entre Comillas","og_description":"Las historias de amor m\u00e1s bonitas en esta recopilaci\u00f3n de fotograf\u00edas de boda en las que he podido retratar a estas maravillosas parejas.","og_url":"https:\/\/entrecomillastories.com\/en\/historias\/","og_site_name":"Entre Comillas","article_modified_time":"2025-01-22T11:51:50+00:00","og_image":[{"url":"https:\/\/entrecomillastories.com\/wp-content\/uploads\/2024\/04\/El-origen_21-720x510.jpg","type":"","width":"","height":""}],"twitter_card":"summary_large_image","twitter_misc":{"Estimated reading time":"2 minutes"},"schema":{"@context":"https:\/\/schema.org","@graph":[{"@type":"WebPage","@id":"https:\/\/entrecomillastories.com\/historias\/","url":"https:\/\/entrecomillastories.com\/historias\/","name":"Historias - Entre Comillas","isPartOf":{"@id":"https:\/\/entrecomillastories.com\/#website"},"primaryImageOfPage":{"@id":"https:\/\/entrecomillastories.com\/historias\/#primaryimage"},"image":{"@id":"https:\/\/entrecomillastories.com\/historias\/#primaryimage"},"thumbnailUrl":"https:\/\/entrecomillastories.com\/wp-content\/uploads\/2024\/04\/El-origen_21-720x510.jpg","datePublished":"2024-12-09T11:39:21+00:00","dateModified":"2025-01-22T11:51:50+00:00","description":"Las historias de amor m\u00e1s bonitas en esta recopilaci\u00f3n de fotograf\u00edas de boda en las que he podido retratar a estas maravillosas parejas.","breadcrumb":{"@id":"https:\/\/entrecomillastories.com\/historias\/#breadcrumb"},"inLanguage":"en-GB","potentialAction":[{"@type":"ReadAction","target":["https:\/\/entrecomillastories.com\/historias\/"]}]},{"@type":"ImageObject","inLanguage":"en-GB","@id":"https:\/\/entrecomillastories.com\/historias\/#primaryimage","url":"https:\/\/entrecomillastories.com\/wp-content\/uploads\/2024\/04\/El-origen_21-720x510.jpg","contentUrl":"https:\/\/entrecomillastories.com\/wp-content\/uploads\/2024\/04\/El-origen_21-720x510.jpg"},{"@type":"BreadcrumbList","@id":"https:\/\/entrecomillastories.com\/historias\/#breadcrumb","itemListElement":[{"@type":"ListItem","position":1,"name":"Portada","item":"https:\/\/entrecomillastories.com\/"},{"@type":"ListItem","position":2,"name":"Historias"}]},{"@type":"WebSite","@id":"https:\/\/entrecomillastories.com\/#website","url":"https:\/\/entrecomillastories.com\/","name":"Entre Comillas","description":"Fot\u00f3grafa de bodas","publisher":{"@id":"https:\/\/entrecomillastories.com\/#\/schema\/person\/0c376f8de34c01e4d86c20ef571dc15d"},"potentialAction":[{"@type":"SearchAction","target":{"@type":"EntryPoint","urlTemplate":"https:\/\/entrecomillastories.com\/?s={search_term_string}"},"query-input":{"@type":"PropertyValueSpecification","valueRequired":true,"valueName":"search_term_string"}}],"inLanguage":"en-GB"},{"@type":["Person","Organization"],"@id":"https:\/\/entrecomillastories.com\/#\/schema\/person\/0c376f8de34c01e4d86c20ef571dc15d","name":"Alejandra Comellas","image":{"@type":"ImageObject","inLanguage":"en-GB","@id":"https:\/\/entrecomillastories.com\/#\/schema\/person\/image\/","url":"https:\/\/entrecomillastories.com\/wp-content\/uploads\/2024\/04\/EC_Logo_Black.png","contentUrl":"https:\/\/entrecomillastories.com\/wp-content\/uploads\/2024\/04\/EC_Logo_Black.png","width":3062,"height":1825,"caption":"Alejandra Comellas"},"logo":{"@id":"https:\/\/entrecomillastories.com\/#\/schema\/person\/image\/"},"sameAs":["https:\/\/www.instagram.com\/entrecomillas.jpg"]}]}},"_links":{"self":[{"href":"https:\/\/entrecomillastories.com\/en\/wp-json\/wp\/v2\/pages\/1874","targetHints":{"allow":["GET"]}}],"collection":[{"href":"https:\/\/entrecomillastories.com\/en\/wp-json\/wp\/v2\/pages"}],"about":[{"href":"https:\/\/entrecomillastories.com\/en\/wp-json\/wp\/v2\/types\/page"}],"author":[{"embeddable":true,"href":"https:\/\/entrecomillastories.com\/en\/wp-json\/wp\/v2\/users\/1"}],"replies":[{"embeddable":true,"href":"https:\/\/entrecomillastories.com\/en\/wp-json\/wp\/v2\/comments?post=1874"}],"version-history":[{"count":28,"href":"https:\/\/entrecomillastories.com\/en\/wp-json\/wp\/v2\/pages\/1874\/revisions"}],"predecessor-version":[{"id":2467,"href":"https:\/\/entrecomillastories.com\/en\/wp-json\/wp\/v2\/pages\/1874\/revisions\/2467"}],"wp:attachment":[{"href":"https:\/\/entrecomillastories.com\/en\/wp-json\/wp\/v2\/media?parent=1874"}],"curies":[{"name":"wp","href":"https:\/\/api.w.org\/{rel}","templated":true}]}}