{"id":1732,"date":"2024-11-15T13:07:31","date_gmt":"2024-11-15T13:07:31","guid":{"rendered":"https:\/\/entrecomillastories.com\/?page_id=1732"},"modified":"2025-01-22T11:50:48","modified_gmt":"2025-01-22T11:50:48","slug":"diario","status":"publish","type":"page","link":"https:\/\/entrecomillastories.com\/en\/diario\/","title":{"rendered":"Diario"},"content":{"rendered":"<div data-elementor-type=\"wp-page\" data-elementor-id=\"1732\" class=\"elementor elementor-1732\">\n\t\t\t\t<div class=\"elementor-element elementor-element-97cea73 e-flex e-con-boxed e-con e-parent\" data-id=\"97cea73\" data-element_type=\"container\">\n\t\t\t\t\t<div class=\"e-con-inner\">\n\t\t\t\t<div class=\"elementor-element elementor-element-a8d7d57 elementor-widget elementor-widget-ld_blog\" data-id=\"a8d7d57\" data-element_type=\"widget\" data-widget_type=\"ld_blog.default\">\n\t\t\t\t<div class=\"elementor-widget-container\">\n\t\t\t\t\t<div class=\"lqd-lp-grid a8d7d57 blog-id-177044823\"><div class=\"lqd-lp-row row pos-rel d-flex flex-wrap\" ><div class=\"lqd-lp-column d-flex flex-column col-md-4 col-sm-6 diario\"><article id=\"post-525\" class=\"lqd-lp pos-rel lqd-lp lqd-lp-style-19 lqd-lp-title-highlight text-start post-525 post type-post status-publish format-standard has-post-thumbnail hentry category-diario\"><div class=\"lqd-lp-img pos-rel mb-4 overflow-hidden\">\n\t<figure class=\"pos-rel overflow-hidden\"><img fetchpriority=\"high\" decoding=\"async\" width=\"383\" height=\"450\" src=\"https:\/\/entrecomillastories.com\/wp-content\/uploads\/2024\/04\/Portada-Otaduy_575-383x450.jpg\" class=\"w-100 wp-post-image\" alt=\"\" itemprop=\"image\" \/><\/figure>\t<footer class=\"lqd-lp-footer d-flex align-items-end justify-content-end pos-abs w-100 h-100\">\n\n\t\t<a href=\"https:\/\/entrecomillastories.com\/en\/realbrides-otaduy\/\" class=\"btn btn-solid border-none btn-xsm\">\n\t\t\t<span class=\"btn-txt\">read<\/span>\n\t\t\t<span class=\"btn-icon\">\n\t\t\t\t<i class=\"lqd-icn-ess icon-ion-ios-add\"><\/i>\n\t\t\t<\/span>\n\t\t<\/a>\n\n\t<\/footer>\n\n<\/div>\n\n<div class=\"lqd-lp-meta d-flex align-items-center p-0 mb-2\">\n\t\n\t\n<\/div>\n\n<header class=\"lqd-lp-header mb-3\">\n\t<h2 class=\"lqd-lp-title h5 m-0 pos-rel z-index-2\">\n\t\t<a href=\"https:\/\/entrecomillastories.com\/en\/realbrides-otaduy\/\" data-split-text=\"true\" data-split-options='{\"type\": \"lines\", \"disableOnMobile\": true}'>REALBRIDES: Otaduy<\/a>\n\t<\/h2>\n<\/header>\n\n<a  href=\"https:\/\/entrecomillastories.com\/en\/realbrides-otaduy\/\" class=\"lqd-lp-overlay-link lqd-overlay lqd-cc-label-trigger z-index-2\" tab-index=\"-1\"><\/a><\/article><\/div><div class=\"lqd-lp-column d-flex flex-column col-md-4 col-sm-6 diario\"><article id=\"post-1856\" class=\"lqd-lp pos-rel lqd-lp lqd-lp-style-19 lqd-lp-title-highlight text-start post-1856 post type-post status-publish format-standard has-post-thumbnail hentry category-diario\"><div class=\"lqd-lp-img pos-rel mb-4 overflow-hidden\">\n\t<figure class=\"pos-rel overflow-hidden\"><img decoding=\"async\" width=\"383\" height=\"450\" src=\"data:image\/svg+xml;charset=utf-8,%3Csvg xmlns%3D&#039;http%3A%2F%2Fwww.w3.org%2F2000%2Fsvg&#039; viewBox%3D&#039;0 0 383 450&#039;%2F%3E\" class=\"w-100 ld-lazyload wp-post-image\" alt=\"\" itemprop=\"image\" data-src=\"https:\/\/entrecomillastories.com\/wp-content\/uploads\/2024\/11\/Sima-Couture-Portada-383x450.jpg\" data-aspect=\"0.85111111111111\" \/><\/figure>\t<footer class=\"lqd-lp-footer d-flex align-items-end justify-content-end pos-abs w-100 h-100\">\n\n\t\t<a href=\"https:\/\/entrecomillastories.com\/en\/sima-couture-barcelona-bridal-fashion-week-2024\/\" class=\"btn btn-solid border-none btn-xsm\">\n\t\t\t<span class=\"btn-txt\">read<\/span>\n\t\t\t<span class=\"btn-icon\">\n\t\t\t\t<i class=\"lqd-icn-ess icon-ion-ios-add\"><\/i>\n\t\t\t<\/span>\n\t\t<\/a>\n\n\t<\/footer>\n\n<\/div>\n\n<div class=\"lqd-lp-meta d-flex align-items-center p-0 mb-2\">\n\t\n\t\n<\/div>\n\n<header class=\"lqd-lp-header mb-3\">\n\t<h2 class=\"lqd-lp-title h5 m-0 pos-rel z-index-2\">\n\t\t<a href=\"https:\/\/entrecomillastories.com\/en\/sima-couture-barcelona-bridal-fashion-week-2024\/\" data-split-text=\"true\" data-split-options='{\"type\": \"lines\", \"disableOnMobile\": true}'>Sima Couture en Barcelona Bridal Fashion Week 2024<\/a>\n\t<\/h2>\n<\/header>\n\n<a  href=\"https:\/\/entrecomillastories.com\/en\/sima-couture-barcelona-bridal-fashion-week-2024\/\" class=\"lqd-lp-overlay-link lqd-overlay lqd-cc-label-trigger z-index-2\" tab-index=\"-1\"><\/a><\/article><\/div><div class=\"lqd-lp-column d-flex flex-column col-md-4 col-sm-6 diario\"><article id=\"post-1851\" class=\"lqd-lp pos-rel lqd-lp lqd-lp-style-19 lqd-lp-title-highlight text-start post-1851 post type-post status-publish format-standard has-post-thumbnail hentry category-diario\"><div class=\"lqd-lp-img pos-rel mb-4 overflow-hidden\">\n\t<figure class=\"pos-rel overflow-hidden\"><img decoding=\"async\" width=\"700\" height=\"450\" src=\"data:image\/svg+xml;charset=utf-8,%3Csvg xmlns%3D&#039;http%3A%2F%2Fwww.w3.org%2F2000%2Fsvg&#039; viewBox%3D&#039;0 0 700 450&#039;%2F%3E\" class=\"w-100 ld-lazyload wp-post-image\" alt=\"\" itemprop=\"image\" data-src=\"https:\/\/entrecomillastories.com\/wp-content\/uploads\/2024\/12\/loewe-1-700x450.jpg\" data-aspect=\"1.5555555555556\" \/><\/figure>\t<footer class=\"lqd-lp-footer d-flex align-items-end justify-content-end pos-abs w-100 h-100\">\n\n\t\t<a href=\"https:\/\/entrecomillastories.com\/en\/a-new-species-fashion-film-loewe-herdes-magazine\/\" class=\"btn btn-solid border-none btn-xsm\">\n\t\t\t<span class=\"btn-txt\">read<\/span>\n\t\t\t<span class=\"btn-icon\">\n\t\t\t\t<i class=\"lqd-icn-ess icon-ion-ios-add\"><\/i>\n\t\t\t<\/span>\n\t\t<\/a>\n\n\t<\/footer>\n\n<\/div>\n\n<div class=\"lqd-lp-meta d-flex align-items-center p-0 mb-2\">\n\t\n\t\n<\/div>\n\n<header class=\"lqd-lp-header mb-3\">\n\t<h2 class=\"lqd-lp-title h5 m-0 pos-rel z-index-2\">\n\t\t<a href=\"https:\/\/entrecomillastories.com\/en\/a-new-species-fashion-film-loewe-herdes-magazine\/\" data-split-text=\"true\" data-split-options='{\"type\": \"lines\", \"disableOnMobile\": true}'>A New Species. Un fashion film para Loewe en exclusivo para Herdes Magazine<\/a>\n\t<\/h2>\n<\/header>\n\n<a  href=\"https:\/\/entrecomillastories.com\/en\/a-new-species-fashion-film-loewe-herdes-magazine\/\" class=\"lqd-lp-overlay-link lqd-overlay lqd-cc-label-trigger z-index-2\" tab-index=\"-1\"><\/a><\/article><\/div><div class=\"lqd-lp-column d-flex flex-column col-md-4 col-sm-6 diario\"><article id=\"post-2170\" class=\"lqd-lp pos-rel lqd-lp lqd-lp-style-19 lqd-lp-title-highlight text-start post-2170 post type-post status-publish format-standard has-post-thumbnail hentry category-diario\"><div class=\"lqd-lp-img pos-rel mb-4 overflow-hidden\">\n\t<figure class=\"pos-rel overflow-hidden\"><img loading=\"lazy\" decoding=\"async\" width=\"383\" height=\"450\" src=\"data:image\/svg+xml;charset=utf-8,%3Csvg xmlns%3D&#039;http%3A%2F%2Fwww.w3.org%2F2000%2Fsvg&#039; viewBox%3D&#039;0 0 383 450&#039;%2F%3E\" class=\"w-100 ld-lazyload wp-post-image\" alt=\"\" itemprop=\"image\" data-src=\"https:\/\/entrecomillastories.com\/wp-content\/uploads\/2024\/12\/Raquel-Lopez_entre-comillas-portada-383x450.jpg\" data-aspect=\"0.85111111111111\" \/><\/figure>\t<footer class=\"lqd-lp-footer d-flex align-items-end justify-content-end pos-abs w-100 h-100\">\n\n\t\t<a href=\"https:\/\/entrecomillastories.com\/en\/raquel-lopez-atelier-barcelona-bridal-fashion-week-2024\/\" class=\"btn btn-solid border-none btn-xsm\">\n\t\t\t<span class=\"btn-txt\">read<\/span>\n\t\t\t<span class=\"btn-icon\">\n\t\t\t\t<i class=\"lqd-icn-ess icon-ion-ios-add\"><\/i>\n\t\t\t<\/span>\n\t\t<\/a>\n\n\t<\/footer>\n\n<\/div>\n\n<div class=\"lqd-lp-meta d-flex align-items-center p-0 mb-2\">\n\t\n\t\n<\/div>\n\n<header class=\"lqd-lp-header mb-3\">\n\t<h2 class=\"lqd-lp-title h5 m-0 pos-rel z-index-2\">\n\t\t<a href=\"https:\/\/entrecomillastories.com\/en\/raquel-lopez-atelier-barcelona-bridal-fashion-week-2024\/\" data-split-text=\"true\" data-split-options='{\"type\": \"lines\", \"disableOnMobile\": true}'>Raquel L\u00f3pez Atelier: Barcelona Bridal Fashion Week 2024<\/a>\n\t<\/h2>\n<\/header>\n\n<a  href=\"https:\/\/entrecomillastories.com\/en\/raquel-lopez-atelier-barcelona-bridal-fashion-week-2024\/\" class=\"lqd-lp-overlay-link lqd-overlay lqd-cc-label-trigger z-index-2\" tab-index=\"-1\"><\/a><\/article><\/div><div class=\"lqd-lp-column d-flex flex-column col-md-4 col-sm-6 diario\"><article id=\"post-2187\" class=\"lqd-lp pos-rel lqd-lp lqd-lp-style-19 lqd-lp-title-highlight text-start post-2187 post type-post status-publish format-standard has-post-thumbnail hentry category-diario\"><div class=\"lqd-lp-img pos-rel mb-4 overflow-hidden\">\n\t<figure class=\"pos-rel overflow-hidden\"><img loading=\"lazy\" decoding=\"async\" width=\"700\" height=\"450\" src=\"data:image\/svg+xml;charset=utf-8,%3Csvg xmlns%3D&#039;http%3A%2F%2Fwww.w3.org%2F2000%2Fsvg&#039; viewBox%3D&#039;0 0 700 450&#039;%2F%3E\" class=\"w-100 ld-lazyload wp-post-image\" alt=\"\" itemprop=\"image\" data-src=\"https:\/\/entrecomillastories.com\/wp-content\/uploads\/2024\/12\/video-herdes-700x450.jpg\" data-aspect=\"1.5555555555556\" \/><\/figure>\t<footer class=\"lqd-lp-footer d-flex align-items-end justify-content-end pos-abs w-100 h-100\">\n\n\t\t<a href=\"https:\/\/entrecomillastories.com\/en\/dressage-una-para-produccion-de-moda-para-hermes-en-exclusivo-para-herdes-magazine\/\" class=\"btn btn-solid border-none btn-xsm\">\n\t\t\t<span class=\"btn-txt\">read<\/span>\n\t\t\t<span class=\"btn-icon\">\n\t\t\t\t<i class=\"lqd-icn-ess icon-ion-ios-add\"><\/i>\n\t\t\t<\/span>\n\t\t<\/a>\n\n\t<\/footer>\n\n<\/div>\n\n<div class=\"lqd-lp-meta d-flex align-items-center p-0 mb-2\">\n\t\n\t\n<\/div>\n\n<header class=\"lqd-lp-header mb-3\">\n\t<h2 class=\"lqd-lp-title h5 m-0 pos-rel z-index-2\">\n\t\t<a href=\"https:\/\/entrecomillastories.com\/en\/dressage-una-para-produccion-de-moda-para-hermes-en-exclusivo-para-herdes-magazine\/\" data-split-text=\"true\" data-split-options='{\"type\": \"lines\", \"disableOnMobile\": true}'>Dressage: A fashion production for Herm\u00e8s<\/a>\n\t<\/h2>\n<\/header>\n\n<a  href=\"https:\/\/entrecomillastories.com\/en\/dressage-una-para-produccion-de-moda-para-hermes-en-exclusivo-para-herdes-magazine\/\" class=\"lqd-lp-overlay-link lqd-overlay lqd-cc-label-trigger z-index-2\" tab-index=\"-1\"><\/a><\/article><\/div><\/div><!--\/ .row --><\/div><!--\/ .lqd-lp-grid -->\t\t\t\t<\/div>\n\t\t\t\t<\/div>\n\t\t\t\t\t<\/div>\n\t\t\t\t<\/div>\n\t\t\t\t<\/div>","protected":false},"excerpt":{"rendered":"<p>leer REALBRIDES: Otaduy leer A New Species. Un fashion film para Loewe en exclusivo para Herdes Magazine leer Sima Couture en Barcelona Bridal Fashion Week 2024 leer Raquel L\u00f3pez Atelier: Barcelona Bridal Fashion Week 2024 leer Dressahe. Una para producci\u00f3n de moda para Herm\u00e8s en exclusivo para Herdes Magazine.<\/p>","protected":false},"author":1,"featured_media":0,"parent":0,"menu_order":0,"comment_status":"closed","ping_status":"closed","template":"","meta":{"footnotes":""},"class_list":["post-1732","page","type-page","status-publish","hentry"],"yoast_head":"<!-- This site is optimized with the Yoast SEO plugin v26.2 - https:\/\/yoast.com\/wordpress\/plugins\/seo\/ -->\n<title>Diario - Entre Comillas<\/title>\n<meta name=\"description\" content=\"Diario de bodas y fashion films de Entre Comillas. Aqu\u00ed te muestro los m\u00e1s destacados\" \/>\n<meta name=\"robots\" content=\"index, follow, max-snippet:-1, max-image-preview:large, max-video-preview:-1\" \/>\n<link rel=\"canonical\" href=\"https:\/\/entrecomillastories.com\/en\/diario\/\" \/>\n<meta property=\"og:locale\" content=\"en_GB\" \/>\n<meta property=\"og:type\" content=\"article\" \/>\n<meta property=\"og:title\" content=\"Diario - Entre Comillas\" \/>\n<meta property=\"og:description\" content=\"Diario de bodas y fashion films de Entre Comillas. Aqu\u00ed te muestro los m\u00e1s destacados\" \/>\n<meta property=\"og:url\" content=\"https:\/\/entrecomillastories.com\/en\/diario\/\" \/>\n<meta property=\"og:site_name\" content=\"Entre Comillas\" \/>\n<meta property=\"article:modified_time\" content=\"2025-01-22T11:50:48+00:00\" \/>\n<meta property=\"og:image\" content=\"https:\/\/entrecomillastories.com\/wp-content\/uploads\/2024\/04\/Portada-Otaduy_575-383x450.jpg\" \/>\n<meta name=\"twitter:card\" content=\"summary_large_image\" \/>\n<meta name=\"twitter:label1\" content=\"Estimated reading time\" \/>\n\t<meta name=\"twitter:data1\" content=\"2 minutes\" \/>\n<script type=\"application\/ld+json\" class=\"yoast-schema-graph\">{\"@context\":\"https:\/\/schema.org\",\"@graph\":[{\"@type\":\"WebPage\",\"@id\":\"https:\/\/entrecomillastories.com\/diario\/\",\"url\":\"https:\/\/entrecomillastories.com\/diario\/\",\"name\":\"Diario - Entre Comillas\",\"isPartOf\":{\"@id\":\"https:\/\/entrecomillastories.com\/#website\"},\"primaryImageOfPage\":{\"@id\":\"https:\/\/entrecomillastories.com\/diario\/#primaryimage\"},\"image\":{\"@id\":\"https:\/\/entrecomillastories.com\/diario\/#primaryimage\"},\"thumbnailUrl\":\"https:\/\/entrecomillastories.com\/wp-content\/uploads\/2024\/04\/Portada-Otaduy_575-383x450.jpg\",\"datePublished\":\"2024-11-15T13:07:31+00:00\",\"dateModified\":\"2025-01-22T11:50:48+00:00\",\"description\":\"Diario de bodas y fashion films de Entre Comillas. Aqu\u00ed te muestro los m\u00e1s destacados\",\"breadcrumb\":{\"@id\":\"https:\/\/entrecomillastories.com\/diario\/#breadcrumb\"},\"inLanguage\":\"en-GB\",\"potentialAction\":[{\"@type\":\"ReadAction\",\"target\":[\"https:\/\/entrecomillastories.com\/diario\/\"]}]},{\"@type\":\"ImageObject\",\"inLanguage\":\"en-GB\",\"@id\":\"https:\/\/entrecomillastories.com\/diario\/#primaryimage\",\"url\":\"https:\/\/entrecomillastories.com\/wp-content\/uploads\/2024\/04\/Portada-Otaduy_575-383x450.jpg\",\"contentUrl\":\"https:\/\/entrecomillastories.com\/wp-content\/uploads\/2024\/04\/Portada-Otaduy_575-383x450.jpg\"},{\"@type\":\"BreadcrumbList\",\"@id\":\"https:\/\/entrecomillastories.com\/diario\/#breadcrumb\",\"itemListElement\":[{\"@type\":\"ListItem\",\"position\":1,\"name\":\"Portada\",\"item\":\"https:\/\/entrecomillastories.com\/\"},{\"@type\":\"ListItem\",\"position\":2,\"name\":\"Diario\"}]},{\"@type\":\"WebSite\",\"@id\":\"https:\/\/entrecomillastories.com\/#website\",\"url\":\"https:\/\/entrecomillastories.com\/\",\"name\":\"Entre Comillas\",\"description\":\"Fot\u00f3grafa de bodas\",\"publisher\":{\"@id\":\"https:\/\/entrecomillastories.com\/#\/schema\/person\/0c376f8de34c01e4d86c20ef571dc15d\"},\"potentialAction\":[{\"@type\":\"SearchAction\",\"target\":{\"@type\":\"EntryPoint\",\"urlTemplate\":\"https:\/\/entrecomillastories.com\/?s={search_term_string}\"},\"query-input\":{\"@type\":\"PropertyValueSpecification\",\"valueRequired\":true,\"valueName\":\"search_term_string\"}}],\"inLanguage\":\"en-GB\"},{\"@type\":[\"Person\",\"Organization\"],\"@id\":\"https:\/\/entrecomillastories.com\/#\/schema\/person\/0c376f8de34c01e4d86c20ef571dc15d\",\"name\":\"Alejandra Comellas\",\"image\":{\"@type\":\"ImageObject\",\"inLanguage\":\"en-GB\",\"@id\":\"https:\/\/entrecomillastories.com\/#\/schema\/person\/image\/\",\"url\":\"https:\/\/entrecomillastories.com\/wp-content\/uploads\/2024\/04\/EC_Logo_Black.png\",\"contentUrl\":\"https:\/\/entrecomillastories.com\/wp-content\/uploads\/2024\/04\/EC_Logo_Black.png\",\"width\":3062,\"height\":1825,\"caption\":\"Alejandra Comellas\"},\"logo\":{\"@id\":\"https:\/\/entrecomillastories.com\/#\/schema\/person\/image\/\"},\"sameAs\":[\"https:\/\/www.instagram.com\/entrecomillas.jpg\"]}]}<\/script>\n<!-- \/ Yoast SEO plugin. -->","yoast_head_json":{"title":"Diario - Entre Comillas","description":"Diario de bodas y fashion films de Entre Comillas. Aqu\u00ed te muestro los m\u00e1s destacados","robots":{"index":"index","follow":"follow","max-snippet":"max-snippet:-1","max-image-preview":"max-image-preview:large","max-video-preview":"max-video-preview:-1"},"canonical":"https:\/\/entrecomillastories.com\/en\/diario\/","og_locale":"en_GB","og_type":"article","og_title":"Diario - Entre Comillas","og_description":"Diario de bodas y fashion films de Entre Comillas. Aqu\u00ed te muestro los m\u00e1s destacados","og_url":"https:\/\/entrecomillastories.com\/en\/diario\/","og_site_name":"Entre Comillas","article_modified_time":"2025-01-22T11:50:48+00:00","og_image":[{"url":"https:\/\/entrecomillastories.com\/wp-content\/uploads\/2024\/04\/Portada-Otaduy_575-383x450.jpg","type":"","width":"","height":""}],"twitter_card":"summary_large_image","twitter_misc":{"Estimated reading time":"2 minutes"},"schema":{"@context":"https:\/\/schema.org","@graph":[{"@type":"WebPage","@id":"https:\/\/entrecomillastories.com\/diario\/","url":"https:\/\/entrecomillastories.com\/diario\/","name":"Diario - Entre Comillas","isPartOf":{"@id":"https:\/\/entrecomillastories.com\/#website"},"primaryImageOfPage":{"@id":"https:\/\/entrecomillastories.com\/diario\/#primaryimage"},"image":{"@id":"https:\/\/entrecomillastories.com\/diario\/#primaryimage"},"thumbnailUrl":"https:\/\/entrecomillastories.com\/wp-content\/uploads\/2024\/04\/Portada-Otaduy_575-383x450.jpg","datePublished":"2024-11-15T13:07:31+00:00","dateModified":"2025-01-22T11:50:48+00:00","description":"Diario de bodas y fashion films de Entre Comillas. Aqu\u00ed te muestro los m\u00e1s destacados","breadcrumb":{"@id":"https:\/\/entrecomillastories.com\/diario\/#breadcrumb"},"inLanguage":"en-GB","potentialAction":[{"@type":"ReadAction","target":["https:\/\/entrecomillastories.com\/diario\/"]}]},{"@type":"ImageObject","inLanguage":"en-GB","@id":"https:\/\/entrecomillastories.com\/diario\/#primaryimage","url":"https:\/\/entrecomillastories.com\/wp-content\/uploads\/2024\/04\/Portada-Otaduy_575-383x450.jpg","contentUrl":"https:\/\/entrecomillastories.com\/wp-content\/uploads\/2024\/04\/Portada-Otaduy_575-383x450.jpg"},{"@type":"BreadcrumbList","@id":"https:\/\/entrecomillastories.com\/diario\/#breadcrumb","itemListElement":[{"@type":"ListItem","position":1,"name":"Portada","item":"https:\/\/entrecomillastories.com\/"},{"@type":"ListItem","position":2,"name":"Diario"}]},{"@type":"WebSite","@id":"https:\/\/entrecomillastories.com\/#website","url":"https:\/\/entrecomillastories.com\/","name":"Entre Comillas","description":"Fot\u00f3grafa de bodas","publisher":{"@id":"https:\/\/entrecomillastories.com\/#\/schema\/person\/0c376f8de34c01e4d86c20ef571dc15d"},"potentialAction":[{"@type":"SearchAction","target":{"@type":"EntryPoint","urlTemplate":"https:\/\/entrecomillastories.com\/?s={search_term_string}"},"query-input":{"@type":"PropertyValueSpecification","valueRequired":true,"valueName":"search_term_string"}}],"inLanguage":"en-GB"},{"@type":["Person","Organization"],"@id":"https:\/\/entrecomillastories.com\/#\/schema\/person\/0c376f8de34c01e4d86c20ef571dc15d","name":"Alejandra Comellas","image":{"@type":"ImageObject","inLanguage":"en-GB","@id":"https:\/\/entrecomillastories.com\/#\/schema\/person\/image\/","url":"https:\/\/entrecomillastories.com\/wp-content\/uploads\/2024\/04\/EC_Logo_Black.png","contentUrl":"https:\/\/entrecomillastories.com\/wp-content\/uploads\/2024\/04\/EC_Logo_Black.png","width":3062,"height":1825,"caption":"Alejandra Comellas"},"logo":{"@id":"https:\/\/entrecomillastories.com\/#\/schema\/person\/image\/"},"sameAs":["https:\/\/www.instagram.com\/entrecomillas.jpg"]}]}},"_links":{"self":[{"href":"https:\/\/entrecomillastories.com\/en\/wp-json\/wp\/v2\/pages\/1732","targetHints":{"allow":["GET"]}}],"collection":[{"href":"https:\/\/entrecomillastories.com\/en\/wp-json\/wp\/v2\/pages"}],"about":[{"href":"https:\/\/entrecomillastories.com\/en\/wp-json\/wp\/v2\/types\/page"}],"author":[{"embeddable":true,"href":"https:\/\/entrecomillastories.com\/en\/wp-json\/wp\/v2\/users\/1"}],"replies":[{"embeddable":true,"href":"https:\/\/entrecomillastories.com\/en\/wp-json\/wp\/v2\/comments?post=1732"}],"version-history":[{"count":31,"href":"https:\/\/entrecomillastories.com\/en\/wp-json\/wp\/v2\/pages\/1732\/revisions"}],"predecessor-version":[{"id":2329,"href":"https:\/\/entrecomillastories.com\/en\/wp-json\/wp\/v2\/pages\/1732\/revisions\/2329"}],"wp:attachment":[{"href":"https:\/\/entrecomillastories.com\/en\/wp-json\/wp\/v2\/media?parent=1732"}],"curies":[{"name":"wp","href":"https:\/\/api.w.org\/{rel}","templated":true}]}}