{"id":1578,"date":"2024-10-17T17:24:32","date_gmt":"2024-10-17T17:24:32","guid":{"rendered":"https:\/\/entrecomillastories.com\/?page_id=1578"},"modified":"2025-01-22T18:10:00","modified_gmt":"2025-01-22T18:10:00","slug":"entre-comillas","status":"publish","type":"page","link":"https:\/\/entrecomillastories.com\/en\/entre-comillas\/","title":{"rendered":"Entre Comillas"},"content":{"rendered":"<div data-elementor-type=\"wp-page\" data-elementor-id=\"1578\" class=\"elementor elementor-1578\">\n\t\t\t\t<div class=\"elementor-element elementor-element-4739df8 e-flex e-con-boxed e-con e-parent\" data-id=\"4739df8\" data-element_type=\"container\">\n\t\t\t\t\t<div class=\"e-con-inner\">\n\t\t<div class=\"elementor-element elementor-element-8426556 e-con-full e-flex e-con e-child\" data-id=\"8426556\" data-element_type=\"container\">\n\t\t\t\t<div class=\"elementor-element elementor-element-7d29acc elementor-widget elementor-widget-ld_typewriter\" data-id=\"7d29acc\" data-element_type=\"widget\" data-widget_type=\"ld_typewriter.default\">\n\t\t\t\t<div class=\"elementor-widget-container\">\n\t\t\t\t\t\n        <div id=\"lqd-tw-7d29acc\" class=\"lqd-tw\">\n            <h1 class=\"lqd-tw-el my-0\" data-typewriter=\"true\">\n                Artist\u2019s Statement            <\/h1>\n        <\/div>\n        \n        \t\t\t\t<\/div>\n\t\t\t\t<\/div>\n\t\t\t\t<div class=\"elementor-element elementor-element-87f162d elementor-widget elementor-widget-text-editor\" data-id=\"87f162d\" data-element_type=\"widget\" data-widget_type=\"text-editor.default\">\n\t\t\t\t<div class=\"elementor-widget-container\">\n\t\t\t\t\t\t\t\t\t<p>Hola, soy Alejandra, conocida como Entre Comillas. Cuando estoy en una boda con una c\u00e1mara colgada del cuello, me siento como una reportera de guerra, inmortalizando vuestro gran d\u00eda con ese estilo \u00edntimo, rom\u00e1ntico, art\u00edstico, y ese toque de moda que tanto caracteriza mi fotograf\u00eda.<\/p>\t\t\t\t\t\t\t\t<\/div>\n\t\t\t\t<\/div>\n\t\t\t\t<\/div>\n\t\t<div class=\"elementor-element elementor-element-cc45c61 e-con-full e-flex e-con e-child\" data-id=\"cc45c61\" data-element_type=\"container\" data-settings=\"{&quot;background_background&quot;:&quot;slideshow&quot;,&quot;background_slideshow_gallery&quot;:[],&quot;background_slideshow_loop&quot;:&quot;yes&quot;,&quot;background_slideshow_slide_duration&quot;:5000,&quot;background_slideshow_slide_transition&quot;:&quot;fade&quot;,&quot;background_slideshow_transition_duration&quot;:500}\">\n\t\t\t\t<div class=\"elementor-element elementor-element-29fa55f elementor-widget elementor-widget-ld_fancy_image\" data-id=\"29fa55f\" data-element_type=\"widget\" data-widget_type=\"ld_fancy_image.default\">\n\t\t\t\t<div class=\"elementor-widget-container\">\n\t\t\t\t\t\n\t\t<div class=\"lqd-imggrp-single d-block pos-rel\">\n\t\t\t<div class=\"lqd-imggrp-img-container d-inline-flex pos-rel align-items-center justify-content-center\">\n\t\t\t\t\t\t\t\t<figure class=\"w-100 pos-rel\">\n\t\t\t\t\t<img fetchpriority=\"high\" decoding=\"async\" width=\"1000\" height=\"670\" src=\"https:\/\/entrecomillastories.com\/wp-content\/uploads\/2024\/10\/Entre-Comillas_Pagina_SobreMi.jpg\" class=\"attachment-full size-full wp-image-1680\" alt=\"\" srcset=\"https:\/\/entrecomillastories.com\/wp-content\/uploads\/2024\/10\/Entre-Comillas_Pagina_SobreMi.jpg 1000w, https:\/\/entrecomillastories.com\/wp-content\/uploads\/2024\/10\/Entre-Comillas_Pagina_SobreMi-300x201.jpg 300w, https:\/\/entrecomillastories.com\/wp-content\/uploads\/2024\/10\/Entre-Comillas_Pagina_SobreMi-18x12.jpg 18w\" sizes=\"(max-width: 1000px) 100vw, 1000px\" itemprop=\"image\" \/>\t\t\t\t\t\t\t\t\t\t\t\t\t\t\t\t\t\t\t\t\t\t\t\t\t\t\t\t\t<\/figure>\n\t\t\t<\/div>\n\t\t<\/div>\n\n\t\t\t\t\t<\/div>\n\t\t\t\t<\/div>\n\t\t\t\t<div class=\"elementor-element elementor-element-d0d0098 elementor-absolute elementor-invisible elementor-widget elementor-widget-image\" data-id=\"d0d0098\" data-element_type=\"widget\" data-settings=\"{&quot;_position&quot;:&quot;absolute&quot;,&quot;_animation&quot;:&quot;fadeIn&quot;,&quot;_animation_delay&quot;:1000}\" data-widget_type=\"image.default\">\n\t\t\t\t<div class=\"elementor-widget-container\">\n\t\t\t\t\t\t\t\t\t\t\t\t\t\t\t<img decoding=\"async\" width=\"780\" height=\"102\" src=\"https:\/\/entrecomillastories.com\/wp-content\/uploads\/2024\/10\/Washi-Tape-horizontal.png\" class=\"attachment-large size-large wp-image-1630\" alt=\"\" srcset=\"https:\/\/entrecomillastories.com\/wp-content\/uploads\/2024\/10\/Washi-Tape-horizontal.png 1019w, https:\/\/entrecomillastories.com\/wp-content\/uploads\/2024\/10\/Washi-Tape-horizontal-300x39.png 300w, https:\/\/entrecomillastories.com\/wp-content\/uploads\/2024\/10\/Washi-Tape-horizontal-18x2.png 18w\" sizes=\"(max-width: 780px) 100vw, 780px\" \/>\t\t\t\t\t\t\t\t\t\t\t\t\t\t\t<\/div>\n\t\t\t\t<\/div>\n\t\t\t\t<\/div>\n\t\t\t\t\t<\/div>\n\t\t\t\t<\/div>\n\t\t<div class=\"elementor-element elementor-element-74f732e e-flex e-con-boxed e-con e-parent\" data-id=\"74f732e\" data-element_type=\"container\">\n\t\t\t\t\t<div class=\"e-con-inner\">\n\t\t\t\t<div class=\"elementor-element elementor-element-98d0066 elementor-widget elementor-widget-text-editor\" data-id=\"98d0066\" data-element_type=\"widget\" data-widget_type=\"text-editor.default\">\n\t\t\t\t<div class=\"elementor-widget-container\">\n\t\t\t\t\t\t\t\t\t<p>Vivo en Barcelona y, desde peque\u00f1a, siempre he tenido ese instinto creativo. Admiro el poder que tienen los artistas para cambiar la perspectiva de la vida. A m\u00ed me gusta crear mi propio punto de vista. A los quince a\u00f1os me compr\u00e9 mi primera c\u00e1mara y, desde entonces, no he podido despegarme de ella. Al principio todo comenz\u00f3 como un hobby, pero al final se convirti\u00f3 en mi profesi\u00f3n, \u00a1y me encanta! Siempre he pensado que mis capturas son un constante autorretrato, donde se refleja la personalidad de la fot\u00f3grafa que est\u00e1 detr\u00e1s de la c\u00e1mara. Podr\u00eda pasarme horas contando historias que he vivido gracias a la fotograf\u00eda, momentos que la Alejandra adolescente ni siquiera podr\u00eda haber imaginado.<\/p><p>Me apellido Comellas, y desde peque\u00f1a, cuando estaba junto a mi hermana, siempre nos hac\u00edan la broma de que est\u00e1bamos \u00abentre comillas\u00bb, dos signos que siempre van juntos, como la historia de amor entre dos personas.<\/p>\t\t\t\t\t\t\t\t<\/div>\n\t\t\t\t<\/div>\n\t\t\t\t\t<\/div>\n\t\t\t\t<\/div>\n\t\t<div class=\"elementor-element elementor-element-d571f4b e-flex e-con-boxed e-con e-parent\" data-id=\"d571f4b\" data-element_type=\"container\">\n\t\t\t\t\t<div class=\"e-con-inner\">\n\t\t<div class=\"elementor-element elementor-element-a417332 e-con-full e-flex e-con e-child\" data-id=\"a417332\" data-element_type=\"container\">\n\t\t\t\t<div class=\"elementor-element elementor-element-1fa9121 elementor-widget elementor-widget-image\" data-id=\"1fa9121\" data-element_type=\"widget\" data-widget_type=\"image.default\">\n\t\t\t\t<div class=\"elementor-widget-container\">\n\t\t\t\t\t\t\t\t\t\t\t\t\t\t\t<img decoding=\"async\" width=\"724\" height=\"1024\" src=\"data:image\/svg+xml;charset=utf-8,%3Csvg xmlns%3D&#039;http%3A%2F%2Fwww.w3.org%2F2000%2Fsvg&#039; viewBox%3D&#039;0 0 724 1024&#039;%2F%3E\" class=\"attachment-large size-large wp-image-1601 ld-lazyload\" alt=\"\" data-src=\"https:\/\/entrecomillastories.com\/wp-content\/uploads\/2024\/10\/Artist-Statement-Entre-Comillas-Foto-3-724x1024.png\" data-srcset=\"https:\/\/entrecomillastories.com\/wp-content\/uploads\/2024\/10\/Artist-Statement-Entre-Comillas-Foto-3-724x1024.png 724w, https:\/\/entrecomillastories.com\/wp-content\/uploads\/2024\/10\/Artist-Statement-Entre-Comillas-Foto-3-212x300.png 212w, https:\/\/entrecomillastories.com\/wp-content\/uploads\/2024\/10\/Artist-Statement-Entre-Comillas-Foto-3-8x12.png 8w, https:\/\/entrecomillastories.com\/wp-content\/uploads\/2024\/10\/Artist-Statement-Entre-Comillas-Foto-3.png 849w\" data-sizes=\"(max-width: 724px) 100vw, 724px\" data-aspect=\"0.70703125\" \/>\t\t\t\t\t\t\t\t\t\t\t\t\t\t\t<\/div>\n\t\t\t\t<\/div>\n\t\t\t\t<div class=\"elementor-element elementor-element-7d9b81a elementor-widget__width-initial elementor-absolute elementor-invisible elementor-widget elementor-widget-image\" data-id=\"7d9b81a\" data-element_type=\"widget\" data-settings=\"{&quot;_position&quot;:&quot;absolute&quot;,&quot;_animation&quot;:&quot;fadeIn&quot;,&quot;_animation_delay&quot;:3500}\" data-widget_type=\"image.default\">\n\t\t\t\t<div class=\"elementor-widget-container\">\n\t\t\t\t\t\t\t\t\t\t\t\t\t\t\t<img decoding=\"async\" src=\"https:\/\/entrecomillastories.com\/wp-content\/uploads\/2024\/10\/Washi-tape-peque-2.png\" title=\"Washi tape peque 2\" alt=\"Washi tape peque 2\" loading=\"lazy\" \/>\t\t\t\t\t\t\t\t\t\t\t\t\t\t\t<\/div>\n\t\t\t\t<\/div>\n\t\t\t\t<\/div>\n\t\t<div class=\"elementor-element elementor-element-8881cbf e-con-full e-flex e-con e-child\" data-id=\"8881cbf\" data-element_type=\"container\">\n\t\t\t\t<div class=\"elementor-element elementor-element-078517d elementor-widget elementor-widget-image\" data-id=\"078517d\" data-element_type=\"widget\" data-widget_type=\"image.default\">\n\t\t\t\t<div class=\"elementor-widget-container\">\n\t\t\t\t\t\t\t\t\t\t\t\t\t\t\t<img loading=\"lazy\" decoding=\"async\" width=\"724\" height=\"1024\" src=\"data:image\/svg+xml;charset=utf-8,%3Csvg xmlns%3D&#039;http%3A%2F%2Fwww.w3.org%2F2000%2Fsvg&#039; viewBox%3D&#039;0 0 724 1024&#039;%2F%3E\" class=\"attachment-large size-large wp-image-1600 ld-lazyload\" alt=\"\" data-src=\"https:\/\/entrecomillastories.com\/wp-content\/uploads\/2024\/10\/Artist-Statement-Entre-Comillas-Foto-2-724x1024.png\" data-srcset=\"https:\/\/entrecomillastories.com\/wp-content\/uploads\/2024\/10\/Artist-Statement-Entre-Comillas-Foto-2-724x1024.png 724w, https:\/\/entrecomillastories.com\/wp-content\/uploads\/2024\/10\/Artist-Statement-Entre-Comillas-Foto-2-212x300.png 212w, https:\/\/entrecomillastories.com\/wp-content\/uploads\/2024\/10\/Artist-Statement-Entre-Comillas-Foto-2-8x12.png 8w, https:\/\/entrecomillastories.com\/wp-content\/uploads\/2024\/10\/Artist-Statement-Entre-Comillas-Foto-2.png 849w\" data-sizes=\"(max-width: 724px) 100vw, 724px\" data-aspect=\"0.70703125\" \/>\t\t\t\t\t\t\t\t\t\t\t\t\t\t\t<\/div>\n\t\t\t\t<\/div>\n\t\t\t\t<\/div>\n\t\t\t\t\t<\/div>\n\t\t\t\t<\/div>\n\t\t<div class=\"elementor-element elementor-element-dd49791 e-flex e-con-boxed e-con e-parent\" data-id=\"dd49791\" data-element_type=\"container\">\n\t\t\t\t\t<div class=\"e-con-inner\">\n\t\t\t\t<div class=\"elementor-element elementor-element-f8423cd elementor-widget elementor-widget-text-editor\" data-id=\"f8423cd\" data-element_type=\"widget\" data-widget_type=\"text-editor.default\">\n\t\t\t\t<div class=\"elementor-widget-container\">\n\t\t\t\t\t\t\t\t\t<p>Con los a\u00f1os he ido redescubriendo mi fotograf\u00eda y una parte de m\u00ed siempre est\u00e1 ligada al mundo de la moda y, sin darme cuenta, en mis fotograf\u00edas de boda hay esa esencia tan peculiar. Por eso me he especializado tanto en v\u00eddeo como en fotograf\u00eda, produciendo fashion films para marcas como Loewe, Herm\u00e8s o Thom Browne, y siendo publicada en revistas de renombre como VEIN Magazine, Cake Magazine, Client Magazine y Herdes Magazine, entre otras.<\/p>\t\t\t\t\t\t\t\t<\/div>\n\t\t\t\t<\/div>\n\t\t\t\t<div class=\"elementor-element elementor-element-b767e1c elementor-widget elementor-widget-ld_text_reveal\" data-id=\"b767e1c\" data-element_type=\"widget\" data-widget_type=\"ld_text_reveal.default\">\n\t\t\t\t<div class=\"elementor-widget-container\">\n\t\t\t\t\t<h2 class=\"lqd-text-reveal-el mt-0 mb-0\" data-split-text=\"true\" data-split-options=\"{&quot;type&quot;:&quot;words, chars&quot;}\" data-parallax=\"true\" data-parallax-options=\"{&quot;disableOnMobile&quot;:false,&quot;parallaxTargets&quot;:&quot;.lqd-chars, figure&quot;,&quot;start&quot;:&quot;top 70%&quot;,&quot;end&quot;:&quot;bottom bottom&quot;,&quot;scrub&quot;:3,&quot;skipWillChange&quot;:true}\" data-parallax-from=\"{&quot;opacity&quot;:0.2}\" data-parallax-to=\"{&quot;opacity&quot;:1,&quot;stagger&quot;:{&quot;from&quot;:&quot;start&quot;,&quot;each&quot;:1}}\">Espero que os guste mi trabajo y esta parte m\u00e1s personal de m\u00ed. \n\u00a1Ahora, disfrutemos juntos y pas\u00e9moslo bien!<\/h2>\t\t\t\t<\/div>\n\t\t\t\t<\/div>\n\t\t\t\t<div class=\"elementor-element elementor-element-f511b69 elementor-widget elementor-widget-image\" data-id=\"f511b69\" data-element_type=\"widget\" data-widget_type=\"image.default\">\n\t\t\t\t<div class=\"elementor-widget-container\">\n\t\t\t\t\t\t\t\t\t\t\t\t\t\t\t<img loading=\"lazy\" decoding=\"async\" width=\"236\" height=\"60\" src=\"data:image\/svg+xml;charset=utf-8,%3Csvg xmlns%3D&#039;http%3A%2F%2Fwww.w3.org%2F2000%2Fsvg&#039; viewBox%3D&#039;0 0 236 60&#039;%2F%3E\" class=\"attachment-full size-full wp-image-2722 ld-lazyload\" alt=\"\" data-src=\"https:\/\/entrecomillastories.com\/wp-content\/uploads\/2025\/01\/Firma-Entre-Comillas_60px.png\" data-srcset=\"https:\/\/entrecomillastories.com\/wp-content\/uploads\/2025\/01\/Firma-Entre-Comillas_60px.png 236w, https:\/\/entrecomillastories.com\/wp-content\/uploads\/2025\/01\/Firma-Entre-Comillas_60px-18x5.png 18w\" data-sizes=\"(max-width: 236px) 100vw, 236px\" data-aspect=\"3.9333333333333\" \/>\t\t\t\t\t\t\t\t\t\t\t\t\t\t\t<\/div>\n\t\t\t\t<\/div>\n\t\t\t\t<div class=\"elementor-element elementor-element-4670273 elementor-widget elementor-widget-spacer\" data-id=\"4670273\" data-element_type=\"widget\" data-widget_type=\"spacer.default\">\n\t\t\t\t<div class=\"elementor-widget-container\">\n\t\t\t\t\t\t\t<div class=\"elementor-spacer\">\n\t\t\t<div class=\"elementor-spacer-inner\"><\/div>\n\t\t<\/div>\n\t\t\t\t\t\t<\/div>\n\t\t\t\t<\/div>\n\t\t\t\t\t<\/div>\n\t\t\t\t<\/div>\n\t\t\t\t<\/div>","protected":false},"excerpt":{"rendered":"<p>Artist\u2019s Statement Hola, soy Alejandra, conocida como Entre Comillas. Cuando estoy en una boda con una c\u00e1mara colgada del cuello, me siento como una reportera de guerra, inmortalizando vuestro gran d\u00eda con ese estilo \u00edntimo, rom\u00e1ntico, art\u00edstico, y ese toque de moda que tanto caracteriza mi fotograf\u00eda. Vivo en Barcelona y, desde peque\u00f1a, siempre he [&hellip;]<\/p>","protected":false},"author":1,"featured_media":0,"parent":0,"menu_order":0,"comment_status":"closed","ping_status":"closed","template":"","meta":{"footnotes":""},"class_list":["post-1578","page","type-page","status-publish","hentry"],"yoast_head":"<!-- This site is optimized with the Yoast SEO plugin v26.2 - https:\/\/yoast.com\/wordpress\/plugins\/seo\/ -->\n<title>Entre Comillas - Alejandra Comellas<\/title>\n<meta name=\"description\" content=\"Entre Comillas soy yo, Alejandra Comellas. Cuando estoy en una boda inmortalizo vuestro gran d\u00eda con ese estilo \u00edntimo, rom\u00e1ntico, art\u00edstico, y ese toque de moda que tanto caracteriza mi fotograf\u00eda.\" \/>\n<meta name=\"robots\" content=\"index, follow, max-snippet:-1, max-image-preview:large, max-video-preview:-1\" \/>\n<link rel=\"canonical\" href=\"https:\/\/entrecomillastories.com\/en\/entre-comillas\/\" \/>\n<meta property=\"og:locale\" content=\"en_GB\" \/>\n<meta property=\"og:type\" content=\"article\" \/>\n<meta property=\"og:title\" content=\"Entre Comillas - Alejandra Comellas\" \/>\n<meta property=\"og:description\" content=\"Entre Comillas soy yo, Alejandra Comellas. Cuando estoy en una boda inmortalizo vuestro gran d\u00eda con ese estilo \u00edntimo, rom\u00e1ntico, art\u00edstico, y ese toque de moda que tanto caracteriza mi fotograf\u00eda.\" \/>\n<meta property=\"og:url\" content=\"https:\/\/entrecomillastories.com\/en\/entre-comillas\/\" \/>\n<meta property=\"og:site_name\" content=\"Entre Comillas\" \/>\n<meta property=\"article:modified_time\" content=\"2025-01-22T18:10:00+00:00\" \/>\n<meta property=\"og:image\" content=\"https:\/\/entrecomillastories.com\/wp-content\/uploads\/2024\/10\/Entre-Comillas_Pagina_SobreMi.jpg\" \/>\n\t<meta property=\"og:image:width\" content=\"1000\" \/>\n\t<meta property=\"og:image:height\" content=\"670\" \/>\n\t<meta property=\"og:image:type\" content=\"image\/jpeg\" \/>\n<meta name=\"twitter:card\" content=\"summary_large_image\" \/>\n<meta name=\"twitter:label1\" content=\"Estimated reading time\" \/>\n\t<meta name=\"twitter:data1\" content=\"3 minutes\" \/>\n<script type=\"application\/ld+json\" class=\"yoast-schema-graph\">{\"@context\":\"https:\/\/schema.org\",\"@graph\":[{\"@type\":\"WebPage\",\"@id\":\"https:\/\/entrecomillastories.com\/entre-comillas\/\",\"url\":\"https:\/\/entrecomillastories.com\/entre-comillas\/\",\"name\":\"Entre Comillas - Alejandra Comellas\",\"isPartOf\":{\"@id\":\"https:\/\/entrecomillastories.com\/#website\"},\"primaryImageOfPage\":{\"@id\":\"https:\/\/entrecomillastories.com\/entre-comillas\/#primaryimage\"},\"image\":{\"@id\":\"https:\/\/entrecomillastories.com\/entre-comillas\/#primaryimage\"},\"thumbnailUrl\":\"https:\/\/entrecomillastories.com\/wp-content\/uploads\/2024\/10\/Entre-Comillas_Pagina_SobreMi.jpg\",\"datePublished\":\"2024-10-17T17:24:32+00:00\",\"dateModified\":\"2025-01-22T18:10:00+00:00\",\"description\":\"Entre Comillas soy yo, Alejandra Comellas. Cuando estoy en una boda inmortalizo vuestro gran d\u00eda con ese estilo \u00edntimo, rom\u00e1ntico, art\u00edstico, y ese toque de moda que tanto caracteriza mi fotograf\u00eda.\",\"breadcrumb\":{\"@id\":\"https:\/\/entrecomillastories.com\/entre-comillas\/#breadcrumb\"},\"inLanguage\":\"en-GB\",\"potentialAction\":[{\"@type\":\"ReadAction\",\"target\":[\"https:\/\/entrecomillastories.com\/entre-comillas\/\"]}]},{\"@type\":\"ImageObject\",\"inLanguage\":\"en-GB\",\"@id\":\"https:\/\/entrecomillastories.com\/entre-comillas\/#primaryimage\",\"url\":\"https:\/\/entrecomillastories.com\/wp-content\/uploads\/2024\/10\/Entre-Comillas_Pagina_SobreMi.jpg\",\"contentUrl\":\"https:\/\/entrecomillastories.com\/wp-content\/uploads\/2024\/10\/Entre-Comillas_Pagina_SobreMi.jpg\"},{\"@type\":\"BreadcrumbList\",\"@id\":\"https:\/\/entrecomillastories.com\/entre-comillas\/#breadcrumb\",\"itemListElement\":[{\"@type\":\"ListItem\",\"position\":1,\"name\":\"Portada\",\"item\":\"https:\/\/entrecomillastories.com\/\"},{\"@type\":\"ListItem\",\"position\":2,\"name\":\"Entre Comillas\"}]},{\"@type\":\"WebSite\",\"@id\":\"https:\/\/entrecomillastories.com\/#website\",\"url\":\"https:\/\/entrecomillastories.com\/\",\"name\":\"Entre Comillas\",\"description\":\"Fot\u00f3grafa de bodas\",\"publisher\":{\"@id\":\"https:\/\/entrecomillastories.com\/#\/schema\/person\/0c376f8de34c01e4d86c20ef571dc15d\"},\"potentialAction\":[{\"@type\":\"SearchAction\",\"target\":{\"@type\":\"EntryPoint\",\"urlTemplate\":\"https:\/\/entrecomillastories.com\/?s={search_term_string}\"},\"query-input\":{\"@type\":\"PropertyValueSpecification\",\"valueRequired\":true,\"valueName\":\"search_term_string\"}}],\"inLanguage\":\"en-GB\"},{\"@type\":[\"Person\",\"Organization\"],\"@id\":\"https:\/\/entrecomillastories.com\/#\/schema\/person\/0c376f8de34c01e4d86c20ef571dc15d\",\"name\":\"Alejandra Comellas\",\"image\":{\"@type\":\"ImageObject\",\"inLanguage\":\"en-GB\",\"@id\":\"https:\/\/entrecomillastories.com\/#\/schema\/person\/image\/\",\"url\":\"https:\/\/entrecomillastories.com\/wp-content\/uploads\/2024\/04\/EC_Logo_Black.png\",\"contentUrl\":\"https:\/\/entrecomillastories.com\/wp-content\/uploads\/2024\/04\/EC_Logo_Black.png\",\"width\":3062,\"height\":1825,\"caption\":\"Alejandra Comellas\"},\"logo\":{\"@id\":\"https:\/\/entrecomillastories.com\/#\/schema\/person\/image\/\"},\"sameAs\":[\"https:\/\/www.instagram.com\/entrecomillas.jpg\"]}]}<\/script>\n<!-- \/ Yoast SEO plugin. -->","yoast_head_json":{"title":"Entre Comillas - Alejandra Comellas","description":"Entre Comillas soy yo, Alejandra Comellas. Cuando estoy en una boda inmortalizo vuestro gran d\u00eda con ese estilo \u00edntimo, rom\u00e1ntico, art\u00edstico, y ese toque de moda que tanto caracteriza mi fotograf\u00eda.","robots":{"index":"index","follow":"follow","max-snippet":"max-snippet:-1","max-image-preview":"max-image-preview:large","max-video-preview":"max-video-preview:-1"},"canonical":"https:\/\/entrecomillastories.com\/en\/entre-comillas\/","og_locale":"en_GB","og_type":"article","og_title":"Entre Comillas - Alejandra Comellas","og_description":"Entre Comillas soy yo, Alejandra Comellas. Cuando estoy en una boda inmortalizo vuestro gran d\u00eda con ese estilo \u00edntimo, rom\u00e1ntico, art\u00edstico, y ese toque de moda que tanto caracteriza mi fotograf\u00eda.","og_url":"https:\/\/entrecomillastories.com\/en\/entre-comillas\/","og_site_name":"Entre Comillas","article_modified_time":"2025-01-22T18:10:00+00:00","og_image":[{"width":1000,"height":670,"url":"https:\/\/entrecomillastories.com\/wp-content\/uploads\/2024\/10\/Entre-Comillas_Pagina_SobreMi.jpg","type":"image\/jpeg"}],"twitter_card":"summary_large_image","twitter_misc":{"Estimated reading time":"3 minutes"},"schema":{"@context":"https:\/\/schema.org","@graph":[{"@type":"WebPage","@id":"https:\/\/entrecomillastories.com\/entre-comillas\/","url":"https:\/\/entrecomillastories.com\/entre-comillas\/","name":"Entre Comillas - Alejandra Comellas","isPartOf":{"@id":"https:\/\/entrecomillastories.com\/#website"},"primaryImageOfPage":{"@id":"https:\/\/entrecomillastories.com\/entre-comillas\/#primaryimage"},"image":{"@id":"https:\/\/entrecomillastories.com\/entre-comillas\/#primaryimage"},"thumbnailUrl":"https:\/\/entrecomillastories.com\/wp-content\/uploads\/2024\/10\/Entre-Comillas_Pagina_SobreMi.jpg","datePublished":"2024-10-17T17:24:32+00:00","dateModified":"2025-01-22T18:10:00+00:00","description":"Entre Comillas soy yo, Alejandra Comellas. Cuando estoy en una boda inmortalizo vuestro gran d\u00eda con ese estilo \u00edntimo, rom\u00e1ntico, art\u00edstico, y ese toque de moda que tanto caracteriza mi fotograf\u00eda.","breadcrumb":{"@id":"https:\/\/entrecomillastories.com\/entre-comillas\/#breadcrumb"},"inLanguage":"en-GB","potentialAction":[{"@type":"ReadAction","target":["https:\/\/entrecomillastories.com\/entre-comillas\/"]}]},{"@type":"ImageObject","inLanguage":"en-GB","@id":"https:\/\/entrecomillastories.com\/entre-comillas\/#primaryimage","url":"https:\/\/entrecomillastories.com\/wp-content\/uploads\/2024\/10\/Entre-Comillas_Pagina_SobreMi.jpg","contentUrl":"https:\/\/entrecomillastories.com\/wp-content\/uploads\/2024\/10\/Entre-Comillas_Pagina_SobreMi.jpg"},{"@type":"BreadcrumbList","@id":"https:\/\/entrecomillastories.com\/entre-comillas\/#breadcrumb","itemListElement":[{"@type":"ListItem","position":1,"name":"Portada","item":"https:\/\/entrecomillastories.com\/"},{"@type":"ListItem","position":2,"name":"Entre Comillas"}]},{"@type":"WebSite","@id":"https:\/\/entrecomillastories.com\/#website","url":"https:\/\/entrecomillastories.com\/","name":"Entre Comillas","description":"Fot\u00f3grafa de bodas","publisher":{"@id":"https:\/\/entrecomillastories.com\/#\/schema\/person\/0c376f8de34c01e4d86c20ef571dc15d"},"potentialAction":[{"@type":"SearchAction","target":{"@type":"EntryPoint","urlTemplate":"https:\/\/entrecomillastories.com\/?s={search_term_string}"},"query-input":{"@type":"PropertyValueSpecification","valueRequired":true,"valueName":"search_term_string"}}],"inLanguage":"en-GB"},{"@type":["Person","Organization"],"@id":"https:\/\/entrecomillastories.com\/#\/schema\/person\/0c376f8de34c01e4d86c20ef571dc15d","name":"Alejandra Comellas","image":{"@type":"ImageObject","inLanguage":"en-GB","@id":"https:\/\/entrecomillastories.com\/#\/schema\/person\/image\/","url":"https:\/\/entrecomillastories.com\/wp-content\/uploads\/2024\/04\/EC_Logo_Black.png","contentUrl":"https:\/\/entrecomillastories.com\/wp-content\/uploads\/2024\/04\/EC_Logo_Black.png","width":3062,"height":1825,"caption":"Alejandra Comellas"},"logo":{"@id":"https:\/\/entrecomillastories.com\/#\/schema\/person\/image\/"},"sameAs":["https:\/\/www.instagram.com\/entrecomillas.jpg"]}]}},"_links":{"self":[{"href":"https:\/\/entrecomillastories.com\/en\/wp-json\/wp\/v2\/pages\/1578","targetHints":{"allow":["GET"]}}],"collection":[{"href":"https:\/\/entrecomillastories.com\/en\/wp-json\/wp\/v2\/pages"}],"about":[{"href":"https:\/\/entrecomillastories.com\/en\/wp-json\/wp\/v2\/types\/page"}],"author":[{"embeddable":true,"href":"https:\/\/entrecomillastories.com\/en\/wp-json\/wp\/v2\/users\/1"}],"replies":[{"embeddable":true,"href":"https:\/\/entrecomillastories.com\/en\/wp-json\/wp\/v2\/comments?post=1578"}],"version-history":[{"count":125,"href":"https:\/\/entrecomillastories.com\/en\/wp-json\/wp\/v2\/pages\/1578\/revisions"}],"predecessor-version":[{"id":2947,"href":"https:\/\/entrecomillastories.com\/en\/wp-json\/wp\/v2\/pages\/1578\/revisions\/2947"}],"wp:attachment":[{"href":"https:\/\/entrecomillastories.com\/en\/wp-json\/wp\/v2\/media?parent=1578"}],"curies":[{"name":"wp","href":"https:\/\/api.w.org\/{rel}","templated":true}]}}